{"id":2298,"date":"2022-08-07T21:07:24","date_gmt":"2022-08-07T19:07:24","guid":{"rendered":"https:\/\/kabdalis.be\/politique-de-confidentialite\/"},"modified":"2023-05-02T21:13:39","modified_gmt":"2023-05-02T19:13:39","slug":"politique-de-confidentialite","status":"publish","type":"page","link":"https:\/\/kabdalis.be\/sv\/politique-de-confidentialite\/","title":{"rendered":"Integritetspolicy"},"content":{"rendered":"\n<h2 class=\"wp-block-heading\">Vilka \u00e4r vi?<\/h2>\n\n<p>Se http:\/\/kabdalis.be.<\/p>\n\n<h2 class=\"wp-block-heading\">Kommentarer<\/h2>\n\n<p>N\u00e4r du l\u00e4mnar en kommentar p\u00e5 v\u00e5r webbplats samlas de uppgifter som du anger i kommentarsformul\u00e4ret, men \u00e4ven din IP-adress och din webbl\u00e4sares anv\u00e4ndaragent in f\u00f6r att hj\u00e4lpa oss att uppt\u00e4cka o\u00f6nskade kommentarer.<\/p>\n\n<p>En anonym str\u00e4ng som skapas fr\u00e5n din e-postadress (\u00e4ven k\u00e4nd som en hash) kan skickas till Gravatartj\u00e4nsten f\u00f6r att kontrollera om du anv\u00e4nder den. Gravatar-tj\u00e4nstens sekretesspolicy finns h\u00e4r: https:\/\/automattic.com\/privacy\/. N\u00e4r din kommentar har godk\u00e4nts kommer din profilbild att vara offentligt synlig bredvid din kommentar.<\/p>\n\n<h2 class=\"wp-block-heading\">Media<\/h2>\n\n<p>Om du laddar upp bilder till webbplatsen rekommenderar vi att du undviker att ladda upp bilder som inneh\u00e5ller EXIF-data eller GPS-koordinater. Personer som bes\u00f6ker din webbplats kan ladda ner och extrahera lokaliseringsuppgifter fr\u00e5n dessa bilder.<\/p>\n\n<h2 class=\"wp-block-heading\">Cookies<\/h2>\n\n<p>Om du l\u00e4mnar en kommentar p\u00e5 v\u00e5r webbplats kommer du att bli ombedd att spara ditt namn, din e-postadress och din webbplats i cookies. Detta \u00e4r bara f\u00f6r din bekv\u00e4mlighet s\u00e5 att du inte beh\u00f6ver ange denna information om du l\u00e4mnar en annan kommentar senare. Dessa cookies upph\u00f6r att g\u00e4lla efter ett \u00e5r.<\/p>\n\n<p>Om du g\u00e5r till inloggningssidan kommer en tillf\u00e4llig cookie att s\u00e4ttas f\u00f6r att avg\u00f6ra om din webbl\u00e4sare accepterar cookies. Den inneh\u00e5ller inga personuppgifter och raderas automatiskt n\u00e4r du st\u00e4nger din webbl\u00e4sare.<\/p>\n\n<p>N\u00e4r du loggar in st\u00e4ller vi in ett antal cookies f\u00f6r att lagra din inloggningsinformation och dina sk\u00e4rmpreferenser. En anslutningscookie har en livsl\u00e4ngd p\u00e5 tv\u00e5 dagar och en cookie f\u00f6r sk\u00e4rmalternativ har en livsl\u00e4ngd p\u00e5 ett \u00e5r. Om du markerar &#8221;Kom ih\u00e5g mig&#8221; sparas din inloggningscookie i fjorton dagar. Om du loggar ut fr\u00e5n ditt konto raderas inloggningscookien.<\/p>\n\n<p>N\u00e4r du redigerar eller publicerar en publikation lagras ytterligare en cookie i din webbl\u00e4sare. Denna cookie inneh\u00e5ller inga personuppgifter. Det anger helt enkelt ID f\u00f6r den publikation som du just har \u00e4ndrat. Den upph\u00f6r att g\u00e4lla efter en dag.<\/p>\n\n<h2 class=\"wp-block-heading\">Inb\u00e4ddat inneh\u00e5ll fr\u00e5n andra webbplatser<\/h2>\n\n<p>Artiklar p\u00e5 denna webbplats kan inneh\u00e5lla inb\u00e4ddat inneh\u00e5ll (t.ex. videor, bilder, artiklar&#8230;). Inneh\u00e5ll som \u00e4r inb\u00e4ddat fr\u00e5n andra webbplatser beter sig p\u00e5 samma s\u00e4tt som om bes\u00f6karen befann sig p\u00e5 den andra webbplatsen.<\/p>\n\n<p>Dessa webbplatser kan samla in uppgifter om dig, anv\u00e4nda cookies, b\u00e4dda in sp\u00e5rningsverktyg fr\u00e5n tredje part, sp\u00e5ra dina interaktioner med detta inb\u00e4ddade inneh\u00e5ll om du har ett inloggat konto p\u00e5 deras webbplats.<\/p>\n\n<h2 class=\"wp-block-heading\">Anv\u00e4ndning och \u00f6verf\u00f6ring av dina personuppgifter<\/h2>\n\n<p>Om du beg\u00e4r en \u00e5terst\u00e4llning av l\u00f6senordet kommer din IP-adress att ing\u00e5 i e-postmeddelandet om \u00e5terst\u00e4llning.<\/p>\n\n<h2 class=\"wp-block-heading\">Hur l\u00e4nge dina uppgifter lagras<\/h2>\n\n<p>Om du l\u00e4mnar en kommentar sparas kommentaren och dess metadata p\u00e5 obest\u00e4md tid. P\u00e5 s\u00e5 s\u00e4tt kan efterf\u00f6ljande kommentarer automatiskt identifieras och godk\u00e4nnas i st\u00e4llet f\u00f6r att bli kvar i k\u00f6 f\u00f6r moderering.<\/p>\n\n<p>F\u00f6r konton som registrerar sig p\u00e5 v\u00e5r webbplats (om det finns n\u00e5gra) lagrar vi ocks\u00e5 de personuppgifter som anges i deras profil. Alla konton kan n\u00e4r som helst se, \u00e4ndra eller radera sin personliga information (f\u00f6rutom inloggningen). Webbplatsansvariga kan ocks\u00e5 visa och \u00e4ndra denna information.<\/p>\n\n<h2 class=\"wp-block-heading\">De r\u00e4ttigheter du har i fr\u00e5ga om dina uppgifter<\/h2>\n\n<p>Om du har ett konto eller har l\u00e4mnat kommentarer p\u00e5 webbplatsen kan du beg\u00e4ra att f\u00e5 en fil med alla personuppgifter som vi har om dig, inklusive de uppgifter som du har l\u00e4mnat till oss. Du kan ocks\u00e5 beg\u00e4ra att dina personuppgifter raderas. Detta tar inte h\u00e4nsyn till uppgifter som lagras f\u00f6r administrativa, r\u00e4ttsliga eller s\u00e4kerhetsm\u00e4ssiga \u00e4ndam\u00e5l.<\/p>\n\n<h2 class=\"wp-block-heading\">\u00d6verf\u00f6ring av dina personuppgifter<\/h2>\n\n<p>Bes\u00f6karnas kommentarer kan kontrolleras med hj\u00e4lp av en automatiserad tj\u00e4nst f\u00f6r uppt\u00e4ckt av skr\u00e4ppost.<\/p>\n","protected":false},"excerpt":{"rendered":"<p>Vilka \u00e4r vi? Se http:\/\/kabdalis.be. Kommentarer N\u00e4r du l\u00e4mnar en kommentar p\u00e5 v\u00e5r webbplats samlas de uppgifter som du anger i kommentarsformul\u00e4ret, men \u00e4ven din IP-adress och din webbl\u00e4sares anv\u00e4ndaragent&#8230;<\/p>\n","protected":false},"author":1,"featured_media":0,"parent":0,"menu_order":0,"comment_status":"closed","ping_status":"open","template":"","meta":{"_monsterinsights_skip_tracking":false,"_monsterinsights_sitenote_active":false,"_monsterinsights_sitenote_note":"","_monsterinsights_sitenote_category":0,"footnotes":""},"class_list":["post-2298","page","type-page","status-publish"],"_links":{"self":[{"href":"https:\/\/kabdalis.be\/sv\/wp-json\/wp\/v2\/pages\/2298","targetHints":{"allow":["GET"]}}],"collection":[{"href":"https:\/\/kabdalis.be\/sv\/wp-json\/wp\/v2\/pages"}],"about":[{"href":"https:\/\/kabdalis.be\/sv\/wp-json\/wp\/v2\/types\/page"}],"author":[{"embeddable":true,"href":"https:\/\/kabdalis.be\/sv\/wp-json\/wp\/v2\/users\/1"}],"replies":[{"embeddable":true,"href":"https:\/\/kabdalis.be\/sv\/wp-json\/wp\/v2\/comments?post=2298"}],"version-history":[{"count":3,"href":"https:\/\/kabdalis.be\/sv\/wp-json\/wp\/v2\/pages\/2298\/revisions"}],"predecessor-version":[{"id":2395,"href":"https:\/\/kabdalis.be\/sv\/wp-json\/wp\/v2\/pages\/2298\/revisions\/2395"}],"wp:attachment":[{"href":"https:\/\/kabdalis.be\/sv\/wp-json\/wp\/v2\/media?parent=2298"}],"curies":[{"name":"wp","href":"https:\/\/api.w.org\/{rel}","templated":true}]}}